{"id":529,"date":"2014-10-13T11:11:21","date_gmt":"2014-10-13T11:11:21","guid":{"rendered":"http:\/\/www.thedesignspace.co\/artisanstore\/cart\/"},"modified":"2016-03-09T14:25:13","modified_gmt":"2016-03-09T14:25:13","slug":"cart","status":"publish","type":"page","link":"https:\/\/sjoan.is\/?page_id=529","title":{"rendered":"Karfa"},"content":{"rendered":"<div class=\"woocommerce\"><div class=\"woocommerce-notices-wrapper\"><\/div><div class=\"wc-empty-cart-message\">\n\t<div class=\"cart-empty woocommerce-info\" role=\"status\">\n\t\tKarfan \u00fe\u00edn er t\u00f3m eins og stendur\t<\/div>\n<\/div><\/div>\n","protected":false},"excerpt":{"rendered":"","protected":false},"author":1,"featured_media":0,"parent":532,"menu_order":0,"comment_status":"closed","ping_status":"open","template":"","meta":{"_et_pb_use_builder":"","_et_pb_old_content":"","_et_gb_content_width":"","footnotes":""},"class_list":["post-529","page","type-page","status-publish","hentry"],"aioseo_notices":[],"jetpack_sharing_enabled":true,"_links":{"self":[{"href":"https:\/\/sjoan.is\/index.php?rest_route=\/wp\/v2\/pages\/529","targetHints":{"allow":["GET"]}}],"collection":[{"href":"https:\/\/sjoan.is\/index.php?rest_route=\/wp\/v2\/pages"}],"about":[{"href":"https:\/\/sjoan.is\/index.php?rest_route=\/wp\/v2\/types\/page"}],"author":[{"embeddable":true,"href":"https:\/\/sjoan.is\/index.php?rest_route=\/wp\/v2\/users\/1"}],"replies":[{"embeddable":true,"href":"https:\/\/sjoan.is\/index.php?rest_route=%2Fwp%2Fv2%2Fcomments&post=529"}],"version-history":[{"count":2,"href":"https:\/\/sjoan.is\/index.php?rest_route=\/wp\/v2\/pages\/529\/revisions"}],"predecessor-version":[{"id":627,"href":"https:\/\/sjoan.is\/index.php?rest_route=\/wp\/v2\/pages\/529\/revisions\/627"}],"up":[{"embeddable":true,"href":"https:\/\/sjoan.is\/index.php?rest_route=\/wp\/v2\/pages\/532"}],"wp:attachment":[{"href":"https:\/\/sjoan.is\/index.php?rest_route=%2Fwp%2Fv2%2Fmedia&parent=529"}],"curies":[{"name":"wp","href":"https:\/\/api.w.org\/{rel}","templated":true}]}}