{"id":1330,"date":"2015-10-26T12:54:26","date_gmt":"2015-10-26T12:54:26","guid":{"rendered":"http:\/\/www.sjoan.com\/?post_type=product&#038;p=1330"},"modified":"2026-04-14T20:01:09","modified_gmt":"2026-04-14T20:01:09","slug":"kinesio-tape-gold-orginal","status":"publish","type":"product","link":"https:\/\/sjoan.is\/?product=kinesio-tape-gold-orginal","title":{"rendered":"Kinesio Tape Gold orginal"},"content":{"rendered":"<div>Gold l\u00ednan fr\u00e1 Kenzo Kase er afrakstur margra \u00e1ra vinnu. Kinesio teipi\u00f0 l\u00edkir eftir h\u00fa\u00f0inni og fingrafar-mynstri\u00f0 gefur bestu m\u00f6gulegu vi\u00f0lo\u00f0un, \u00f6rvun og tilfinningu. Ef \u00fe\u00fa ert a\u00f0 leita a\u00f0 \u00fev\u00ed besta \u00fe\u00e1 er Kinesio Tex Gold svari\u00f0. Veldu orginal teipi\u00f0 en ekki eftirl\u00edkingar.<\/div>\n<div>Kemur \u00ed tveimur lengdum: 5 metrar og 31,5 metrar.<\/div>\n<div>Allir sj\u00fakra\u00fej\u00e1lfarar \u00feekkja dr. Kenzo Kase en hann fann upp Kinesio teipi\u00f0 og hefur \u00fer\u00f3a\u00f0 \u00fea\u00f0 \u00ed marga\u00a0\u00e1ratugi. V\u00f6rul\u00edna hans er einst\u00f6k a\u00f0 g\u00e6\u00f0um. Sj\u00f6an Sportv\u00f6rur er stoltur umbo\u00f0sa\u00f0ili orginal Kiensio Tape\u00a0\u00e1 \u00cdslandi.<\/div>\n","protected":false},"excerpt":{"rendered":"<p>Orginal Kinesio Tape Gold.<\/p>\n","protected":false},"featured_media":1331,"comment_status":"closed","ping_status":"closed","template":"","meta":{"_et_pb_use_builder":"","_et_pb_old_content":"","_et_gb_content_width":""},"product_brand":[],"product_cat":[82,15,62],"product_tag":[],"class_list":{"0":"post-1330","1":"product","2":"type-product","3":"status-publish","4":"has-post-thumbnail","6":"product_cat-kinesio-tape","7":"product_cat-allar-vorur","8":"product_cat-teip","10":"first","11":"instock","12":"taxable","13":"shipping-taxable","14":"purchasable","15":"product-type-variable","16":"has-default-attributes"},"aioseo_notices":[],"jetpack_sharing_enabled":true,"_links":{"self":[{"href":"https:\/\/sjoan.is\/index.php?rest_route=\/wp\/v2\/product\/1330","targetHints":{"allow":["GET"]}}],"collection":[{"href":"https:\/\/sjoan.is\/index.php?rest_route=\/wp\/v2\/product"}],"about":[{"href":"https:\/\/sjoan.is\/index.php?rest_route=\/wp\/v2\/types\/product"}],"replies":[{"embeddable":true,"href":"https:\/\/sjoan.is\/index.php?rest_route=%2Fwp%2Fv2%2Fcomments&post=1330"}],"wp:featuredmedia":[{"embeddable":true,"href":"https:\/\/sjoan.is\/index.php?rest_route=\/wp\/v2\/media\/1331"}],"wp:attachment":[{"href":"https:\/\/sjoan.is\/index.php?rest_route=%2Fwp%2Fv2%2Fmedia&parent=1330"}],"wp:term":[{"taxonomy":"product_brand","embeddable":true,"href":"https:\/\/sjoan.is\/index.php?rest_route=%2Fwp%2Fv2%2Fproduct_brand&post=1330"},{"taxonomy":"product_cat","embeddable":true,"href":"https:\/\/sjoan.is\/index.php?rest_route=%2Fwp%2Fv2%2Fproduct_cat&post=1330"},{"taxonomy":"product_tag","embeddable":true,"href":"https:\/\/sjoan.is\/index.php?rest_route=%2Fwp%2Fv2%2Fproduct_tag&post=1330"}],"curies":[{"name":"wp","href":"https:\/\/api.w.org\/{rel}","templated":true}]}}