{"id":1408,"date":"2015-10-26T20:52:56","date_gmt":"2015-10-26T20:52:56","guid":{"rendered":"http:\/\/www.sjoan.com\/?post_type=product&#038;p=1408"},"modified":"2026-02-27T11:32:18","modified_gmt":"2026-02-27T11:32:18","slug":"kinesio-tape-eftir-dr-kenzo-kase","status":"publish","type":"product","link":"https:\/\/sjoan.is\/?product=kinesio-tape-eftir-dr-kenzo-kase","title":{"rendered":"Kinesio Tape eftir Dr. Kenzo Kase"},"content":{"rendered":"<p>Clinical Therapeutic Applications of the Kinesio Taping Method eftir Dr. Kenzo Kase sem fann upp orginal Kinesio teip fyrir r\u00famum 30 \u00e1rum og hefur \u00fer\u00f3a\u00f0 \u00fea\u00f0 allar g\u00f6tur s\u00ed\u00f0an. \u00deetta er b\u00f3k sem allir sem nota orginal Kinesio Tape ver\u00f0a a\u00f0 eiga. B\u00f3kin er full af fr\u00f3\u00f0leik um teipi\u00f0 og hvernig \u00e1 a\u00f0 nota \u00fea\u00f0. Skref-fyrir-skref lei\u00f0beiningar. Miki\u00f0 af g\u00f3\u00f0um myndum er \u00ed b\u00f3kinni.<\/p>\n","protected":false},"excerpt":{"rendered":"<p>B\u00f3kin Clinical Therapeutic Applications of the Kinesio Taping Method, 3rd edition.<\/p>\n","protected":false},"featured_media":1409,"comment_status":"closed","ping_status":"closed","template":"","meta":{"_et_pb_use_builder":"","_et_pb_old_content":"","_et_gb_content_width":""},"product_brand":[],"product_cat":[82,15,62],"product_tag":[],"class_list":{"0":"post-1408","1":"product","2":"type-product","3":"status-publish","4":"has-post-thumbnail","6":"product_cat-kinesio-tape","7":"product_cat-allar-vorur","8":"product_cat-teip","10":"first","11":"instock","12":"taxable","13":"shipping-taxable","14":"purchasable","15":"product-type-simple"},"aioseo_notices":[],"jetpack_sharing_enabled":true,"_links":{"self":[{"href":"https:\/\/sjoan.is\/index.php?rest_route=\/wp\/v2\/product\/1408","targetHints":{"allow":["GET"]}}],"collection":[{"href":"https:\/\/sjoan.is\/index.php?rest_route=\/wp\/v2\/product"}],"about":[{"href":"https:\/\/sjoan.is\/index.php?rest_route=\/wp\/v2\/types\/product"}],"replies":[{"embeddable":true,"href":"https:\/\/sjoan.is\/index.php?rest_route=%2Fwp%2Fv2%2Fcomments&post=1408"}],"wp:featuredmedia":[{"embeddable":true,"href":"https:\/\/sjoan.is\/index.php?rest_route=\/wp\/v2\/media\/1409"}],"wp:attachment":[{"href":"https:\/\/sjoan.is\/index.php?rest_route=%2Fwp%2Fv2%2Fmedia&parent=1408"}],"wp:term":[{"taxonomy":"product_brand","embeddable":true,"href":"https:\/\/sjoan.is\/index.php?rest_route=%2Fwp%2Fv2%2Fproduct_brand&post=1408"},{"taxonomy":"product_cat","embeddable":true,"href":"https:\/\/sjoan.is\/index.php?rest_route=%2Fwp%2Fv2%2Fproduct_cat&post=1408"},{"taxonomy":"product_tag","embeddable":true,"href":"https:\/\/sjoan.is\/index.php?rest_route=%2Fwp%2Fv2%2Fproduct_tag&post=1408"}],"curies":[{"name":"wp","href":"https:\/\/api.w.org\/{rel}","templated":true}]}}