{"id":1435,"date":"2015-10-26T23:39:06","date_gmt":"2015-10-26T23:39:06","guid":{"rendered":"http:\/\/www.sjoan.com\/?post_type=product&#038;p=1435"},"modified":"2026-03-13T14:10:08","modified_gmt":"2026-03-13T14:10:08","slug":"5000-5500-jaybird-teip","status":"publish","type":"product","link":"https:\/\/sjoan.is\/?product=5000-5500-jaybird-teip","title":{"rendered":"5000 \/ 5500 Jaybird teip"},"content":{"rendered":"<p>5000 og 5500 teipin fr\u00e1 Jaybird eru 100% b\u00f3mullarteip. Teipin teygjast l\u00edtillega og au\u00f0velt er a\u00f0 vinna me\u00f0 \u00feau. Teipin eru h\u00f6nnu\u00f0 til a\u00f0 gefa h\u00e1marks stu\u00f0ning. L\u00edmi\u00f0 er fr\u00e1b\u00e6rt \u00ed b\u00e1\u00f0um tegundum en \u00fe\u00f3 eil\u00edti\u00f0 sterkara \u00ed 5500 teipinu.<\/p>\n<p>St\u00e6r\u00f0: 7,5 cm.<\/p>\n<p>5000 teipi\u00f0 er br\u00fant og 5500 teipi\u00f0 er hv\u00edtt.<\/p>\n<p>H\u00e6gt a\u00f0 kaupa 16 r\u00fallur \u00ed kassa og \u00fe\u00e1 f\u00e6st hagst\u00e6\u00f0ara ver\u00f0.<\/p>\n","protected":false},"excerpt":{"rendered":"<p>5000 og 5500 teipin fr\u00e1 Jaybird eru 100% b\u00f3mullarteip. Teipin teygjast l\u00edtillega og au\u00f0velt er a\u00f0 vinna me\u00f0 \u00feau. Teipin eru h\u00f6nnu\u00f0 til a\u00f0 gefa h\u00e1marks stu\u00f0ning. L\u00edmi\u00f0 er fr\u00e1b\u00e6rt \u00ed b\u00e1\u00f0um tegundum en \u00fe\u00f3 eil\u00edti\u00f0 sterkara \u00ed 5500 teipinu. St\u00e6r\u00f0: 7,5 cm. 5000 teipi\u00f0 er br\u00fant og 5500 teipi\u00f0 er hv\u00edtt. H\u00e6gt a\u00f0 kaupa [&hellip;]<\/p>\n","protected":false},"featured_media":1437,"comment_status":"closed","ping_status":"closed","template":"","meta":{"_et_pb_use_builder":"","_et_pb_old_content":"","_et_gb_content_width":""},"product_brand":[],"product_cat":[15,63,62],"product_tag":[],"class_list":{"0":"post-1435","1":"product","2":"type-product","3":"status-publish","4":"has-post-thumbnail","6":"product_cat-allar-vorur","7":"product_cat-jayibird","8":"product_cat-teip","10":"first","11":"instock","12":"taxable","13":"shipping-taxable","14":"purchasable","15":"product-type-variable","16":"has-default-attributes"},"aioseo_notices":[],"jetpack_sharing_enabled":true,"_links":{"self":[{"href":"https:\/\/sjoan.is\/index.php?rest_route=\/wp\/v2\/product\/1435","targetHints":{"allow":["GET"]}}],"collection":[{"href":"https:\/\/sjoan.is\/index.php?rest_route=\/wp\/v2\/product"}],"about":[{"href":"https:\/\/sjoan.is\/index.php?rest_route=\/wp\/v2\/types\/product"}],"replies":[{"embeddable":true,"href":"https:\/\/sjoan.is\/index.php?rest_route=%2Fwp%2Fv2%2Fcomments&post=1435"}],"wp:featuredmedia":[{"embeddable":true,"href":"https:\/\/sjoan.is\/index.php?rest_route=\/wp\/v2\/media\/1437"}],"wp:attachment":[{"href":"https:\/\/sjoan.is\/index.php?rest_route=%2Fwp%2Fv2%2Fmedia&parent=1435"}],"wp:term":[{"taxonomy":"product_brand","embeddable":true,"href":"https:\/\/sjoan.is\/index.php?rest_route=%2Fwp%2Fv2%2Fproduct_brand&post=1435"},{"taxonomy":"product_cat","embeddable":true,"href":"https:\/\/sjoan.is\/index.php?rest_route=%2Fwp%2Fv2%2Fproduct_cat&post=1435"},{"taxonomy":"product_tag","embeddable":true,"href":"https:\/\/sjoan.is\/index.php?rest_route=%2Fwp%2Fv2%2Fproduct_tag&post=1435"}],"curies":[{"name":"wp","href":"https:\/\/api.w.org\/{rel}","templated":true}]}}