{"id":1827,"date":"2016-03-09T16:46:13","date_gmt":"2016-03-09T16:46:13","guid":{"rendered":"http:\/\/www.sjoan.com\/?post_type=product&#038;p=1827"},"modified":"2025-09-26T14:21:02","modified_gmt":"2025-09-26T14:21:02","slug":"hitakrem-milt","status":"publish","type":"product","link":"https:\/\/sjoan.is\/?product=hitakrem-milt","title":{"rendered":"Hitakrem &#8211; Milt"},"content":{"rendered":"<p>Mi\u00f0lungs sterkt hitakrem fr\u00e1 Cramer.<\/p>\n<p>Einnig bj\u00f3\u00f0um vi\u00f0 upp \u00e1 mj\u00f6g sterkt hitakrem fr\u00e1 Cramer.<\/p>\n","protected":false},"excerpt":{"rendered":"<p>Mi\u00f0lungs sterkt hitakrem fr\u00e1 Cramer. Einnig bj\u00f3\u00f0um vi\u00f0 upp \u00e1 mj\u00f6g sterkt hitakrem fr\u00e1 Cramer.<\/p>\n","protected":false},"featured_media":1833,"comment_status":"open","ping_status":"closed","template":"","meta":{"_et_pb_use_builder":"","_et_pb_old_content":"","_et_gb_content_width":""},"product_brand":[],"product_cat":[108,113,15],"product_tag":[],"class_list":{"0":"post-1827","1":"product","2":"type-product","3":"status-publish","4":"has-post-thumbnail","6":"product_cat-cramer","7":"product_cat-sjukravorur","8":"product_cat-allar-vorur","10":"first","11":"outofstock","12":"taxable","13":"shipping-taxable","14":"purchasable","15":"product-type-variable","16":"has-default-attributes"},"aioseo_notices":[],"jetpack_sharing_enabled":true,"_links":{"self":[{"href":"https:\/\/sjoan.is\/index.php?rest_route=\/wp\/v2\/product\/1827","targetHints":{"allow":["GET"]}}],"collection":[{"href":"https:\/\/sjoan.is\/index.php?rest_route=\/wp\/v2\/product"}],"about":[{"href":"https:\/\/sjoan.is\/index.php?rest_route=\/wp\/v2\/types\/product"}],"replies":[{"embeddable":true,"href":"https:\/\/sjoan.is\/index.php?rest_route=%2Fwp%2Fv2%2Fcomments&post=1827"}],"wp:featuredmedia":[{"embeddable":true,"href":"https:\/\/sjoan.is\/index.php?rest_route=\/wp\/v2\/media\/1833"}],"wp:attachment":[{"href":"https:\/\/sjoan.is\/index.php?rest_route=%2Fwp%2Fv2%2Fmedia&parent=1827"}],"wp:term":[{"taxonomy":"product_brand","embeddable":true,"href":"https:\/\/sjoan.is\/index.php?rest_route=%2Fwp%2Fv2%2Fproduct_brand&post=1827"},{"taxonomy":"product_cat","embeddable":true,"href":"https:\/\/sjoan.is\/index.php?rest_route=%2Fwp%2Fv2%2Fproduct_cat&post=1827"},{"taxonomy":"product_tag","embeddable":true,"href":"https:\/\/sjoan.is\/index.php?rest_route=%2Fwp%2Fv2%2Fproduct_tag&post=1827"}],"curies":[{"name":"wp","href":"https:\/\/api.w.org\/{rel}","templated":true}]}}