{"id":1834,"date":"2016-03-09T17:25:27","date_gmt":"2016-03-09T17:25:27","guid":{"rendered":"http:\/\/www.sjoan.com\/?post_type=product&#038;p=1834"},"modified":"2026-03-01T15:22:38","modified_gmt":"2026-03-01T15:22:38","slug":"hitakrem-sterkt","status":"publish","type":"product","link":"https:\/\/sjoan.is\/?product=hitakrem-sterkt","title":{"rendered":"Hitakrem &#8211; Sterkt"},"content":{"rendered":"<p>Mj\u00f6g sterkt hitakrem me\u00f0 mikla virkni. Hitakremi\u00f0 er lyktarlaust.<\/p>\n<p>Einnig bj\u00f3\u00f0um vi\u00f0 upp \u00e1 milt hitakrem fr\u00e1 Cramer.<\/p>\n","protected":false},"excerpt":{"rendered":"<p>Mj\u00f6g sterkt hitakrem me\u00f0 mikla virkni. Hitakremi\u00f0 er lyktarlaust. Einnig bj\u00f3\u00f0um vi\u00f0 upp \u00e1 milt hitakrem fr\u00e1 Cramer.<\/p>\n","protected":false},"featured_media":303544,"comment_status":"open","ping_status":"closed","template":"","meta":{"_et_pb_use_builder":"","_et_pb_old_content":"","_et_gb_content_width":""},"product_brand":[],"product_cat":[108,113,15],"product_tag":[],"class_list":{"0":"post-1834","1":"product","2":"type-product","3":"status-publish","4":"has-post-thumbnail","6":"product_cat-cramer","7":"product_cat-sjukravorur","8":"product_cat-allar-vorur","10":"first","11":"instock","12":"taxable","13":"shipping-taxable","14":"purchasable","15":"product-type-variable","16":"has-default-attributes"},"aioseo_notices":[],"jetpack_sharing_enabled":true,"_links":{"self":[{"href":"https:\/\/sjoan.is\/index.php?rest_route=\/wp\/v2\/product\/1834","targetHints":{"allow":["GET"]}}],"collection":[{"href":"https:\/\/sjoan.is\/index.php?rest_route=\/wp\/v2\/product"}],"about":[{"href":"https:\/\/sjoan.is\/index.php?rest_route=\/wp\/v2\/types\/product"}],"replies":[{"embeddable":true,"href":"https:\/\/sjoan.is\/index.php?rest_route=%2Fwp%2Fv2%2Fcomments&post=1834"}],"wp:featuredmedia":[{"embeddable":true,"href":"https:\/\/sjoan.is\/index.php?rest_route=\/wp\/v2\/media\/303544"}],"wp:attachment":[{"href":"https:\/\/sjoan.is\/index.php?rest_route=%2Fwp%2Fv2%2Fmedia&parent=1834"}],"wp:term":[{"taxonomy":"product_brand","embeddable":true,"href":"https:\/\/sjoan.is\/index.php?rest_route=%2Fwp%2Fv2%2Fproduct_brand&post=1834"},{"taxonomy":"product_cat","embeddable":true,"href":"https:\/\/sjoan.is\/index.php?rest_route=%2Fwp%2Fv2%2Fproduct_cat&post=1834"},{"taxonomy":"product_tag","embeddable":true,"href":"https:\/\/sjoan.is\/index.php?rest_route=%2Fwp%2Fv2%2Fproduct_tag&post=1834"}],"curies":[{"name":"wp","href":"https:\/\/api.w.org\/{rel}","templated":true}]}}