{"id":1843,"date":"2016-03-09T18:03:25","date_gmt":"2016-03-09T18:03:25","guid":{"rendered":"http:\/\/www.sjoan.com\/?post_type=product&#038;p=1843"},"modified":"2023-03-12T23:12:01","modified_gmt":"2023-03-12T23:12:01","slug":"corex-aefingataeki","status":"publish","type":"product","link":"https:\/\/sjoan.is\/?product=corex-aefingataeki","title":{"rendered":"CoreX \u00c6fingat\u00e6ki"},"content":{"rendered":"<p>CoreX er fr\u00e1b\u00e6rt til a\u00f0 \u00fej\u00e1lfa hreyfiferla, virkja st\u00f6\u00f0ugleikav\u00f6\u00f0va, virkja v\u00f6\u00f0va \u00ed upphitun og sem almennt \u00e6fingat\u00e6ki.<\/p>\n<p>CoreX var hanna\u00f0 af Alex McKechnie sj\u00fakra\u00fej\u00e1lfara sem starfa\u00f0i lengi hj\u00e1 Los Angeles Lakers. T\u00e6ki\u00f0 er au\u00f0velt \u00ed notkun og eykur virkni \u00ed st\u00f6\u00f0ugleikav\u00f6\u00f0vum \u00ed gegnum \u00e6fingarnar.<\/p>\n<p>\u00c6fingabla\u00f0 \u00e1 \u00edslensku\u00a0fylgir me\u00f0.<\/p>\n","protected":false},"excerpt":{"rendered":"<p>CoreX er fr\u00e1b\u00e6rt til a\u00f0 \u00fej\u00e1lfa hreyfiferla, virkja st\u00f6\u00f0ugleikav\u00f6\u00f0va, virkja v\u00f6\u00f0va \u00ed upphitun og sem almennt \u00e6fingat\u00e6ki. CoreX var hanna\u00f0 af Alex McKechnie sj\u00fakra\u00fej\u00e1lfara sem starfa\u00f0i lengi hj\u00e1 Los Angeles Lakers. T\u00e6ki\u00f0 er au\u00f0velt \u00ed notkun og eykur virkni \u00ed st\u00f6\u00f0ugleikav\u00f6\u00f0vum \u00ed gegnum \u00e6fingarnar. \u00c6fingabla\u00f0 \u00e1 \u00edslensku\u00a0fylgir me\u00f0.<\/p>\n","protected":false},"featured_media":1844,"comment_status":"closed","ping_status":"closed","template":"","meta":{"_et_pb_use_builder":"","_et_pb_old_content":"","_et_gb_content_width":"1080"},"product_brand":[],"product_cat":[258,113,15],"product_tag":[],"class_list":{"0":"post-1843","1":"product","2":"type-product","3":"status-publish","4":"has-post-thumbnail","6":"product_cat-aefingar","7":"product_cat-sjukravorur","8":"product_cat-allar-vorur","10":"first","11":"instock","12":"taxable","13":"shipping-taxable","14":"purchasable","15":"product-type-simple"},"aioseo_notices":[],"jetpack_sharing_enabled":true,"_links":{"self":[{"href":"https:\/\/sjoan.is\/index.php?rest_route=\/wp\/v2\/product\/1843","targetHints":{"allow":["GET"]}}],"collection":[{"href":"https:\/\/sjoan.is\/index.php?rest_route=\/wp\/v2\/product"}],"about":[{"href":"https:\/\/sjoan.is\/index.php?rest_route=\/wp\/v2\/types\/product"}],"replies":[{"embeddable":true,"href":"https:\/\/sjoan.is\/index.php?rest_route=%2Fwp%2Fv2%2Fcomments&post=1843"}],"wp:featuredmedia":[{"embeddable":true,"href":"https:\/\/sjoan.is\/index.php?rest_route=\/wp\/v2\/media\/1844"}],"wp:attachment":[{"href":"https:\/\/sjoan.is\/index.php?rest_route=%2Fwp%2Fv2%2Fmedia&parent=1843"}],"wp:term":[{"taxonomy":"product_brand","embeddable":true,"href":"https:\/\/sjoan.is\/index.php?rest_route=%2Fwp%2Fv2%2Fproduct_brand&post=1843"},{"taxonomy":"product_cat","embeddable":true,"href":"https:\/\/sjoan.is\/index.php?rest_route=%2Fwp%2Fv2%2Fproduct_cat&post=1843"},{"taxonomy":"product_tag","embeddable":true,"href":"https:\/\/sjoan.is\/index.php?rest_route=%2Fwp%2Fv2%2Fproduct_tag&post=1843"}],"curies":[{"name":"wp","href":"https:\/\/api.w.org\/{rel}","templated":true}]}}