{"id":1865,"date":"2016-03-09T20:13:49","date_gmt":"2016-03-09T20:13:49","guid":{"rendered":"http:\/\/www.sjoan.com\/?post_type=product&#038;p=1865"},"modified":"2026-02-17T09:43:06","modified_gmt":"2026-02-17T09:43:06","slug":"sport-gel-kaelikrem","status":"publish","type":"product","link":"https:\/\/sjoan.is\/?product=sport-gel-kaelikrem","title":{"rendered":"Sport Gel K\u00e6likrem"},"content":{"rendered":"<p>Sport Gel er k\u00e6likrem fr\u00e1 Rowo sem k\u00e6lir auma sv\u00e6\u00f0i\u00f0 \u00e1 \u00e1hrifar\u00edkan h\u00e1tt, dregur \u00far s\u00e1rsauka og endurn\u00e6rir \u00fereytta og auma v\u00f6\u00f0va og li\u00f0i. Hentar vel sem me\u00f0fer\u00f0 vi\u00f0 \u00ed\u00fer\u00f3ttamei\u00f0slum s.s. vi\u00f0 tognun, mari, b\u00f3lgum \u00ed li\u00f0b\u00f6ndum (t.d. tennisolnboga).Inniheldur Arnica Montana og hreina japanska myntu ol\u00edu sem hefur k\u00e6lieiginleika og endurn\u00e6randi \u00e1hrif \u00e1 h\u00fa\u00f0 og v\u00f6\u00f0va. F\u00e1anlegt \u00ed t\u00fapu, roll-on og me\u00f0 pumpu.<\/p>\n","protected":false},"excerpt":{"rendered":"<p>Sport Gel er k\u00e6likrem fr\u00e1 Rowo sem k\u00e6lir auma sv\u00e6\u00f0i\u00f0 \u00e1 \u00e1hrifar\u00edkan h\u00e1tt, dregur \u00far s\u00e1rsauka og endurn\u00e6rir \u00fereytta og auma v\u00f6\u00f0va og li\u00f0i. Hentar vel sem me\u00f0fer\u00f0 vi\u00f0 \u00ed\u00fer\u00f3ttamei\u00f0slum s.s. vi\u00f0 tognun, mari, b\u00f3lgum \u00ed li\u00f0b\u00f6ndum (t.d. tennisolnboga).Inniheldur Arnica Montana og hreina japanska myntu ol\u00edu sem hefur k\u00e6lieiginleika og endurn\u00e6randi \u00e1hrif \u00e1 h\u00fa\u00f0 og [&hellip;]<\/p>\n","protected":false},"featured_media":303861,"comment_status":"closed","ping_status":"closed","template":"","meta":{"_et_pb_use_builder":"","_et_pb_old_content":"","_et_gb_content_width":""},"product_brand":[],"product_cat":[132,127,113,15],"product_tag":[],"class_list":{"0":"post-1865","1":"product","2":"type-product","3":"status-publish","4":"has-post-thumbnail","6":"product_cat-nuddvorur","7":"product_cat-rowo","8":"product_cat-sjukravorur","9":"product_cat-allar-vorur","11":"first","12":"instock","13":"taxable","14":"shipping-taxable","15":"purchasable","16":"product-type-variable","17":"has-default-attributes"},"aioseo_notices":[],"jetpack_sharing_enabled":true,"_links":{"self":[{"href":"https:\/\/sjoan.is\/index.php?rest_route=\/wp\/v2\/product\/1865","targetHints":{"allow":["GET"]}}],"collection":[{"href":"https:\/\/sjoan.is\/index.php?rest_route=\/wp\/v2\/product"}],"about":[{"href":"https:\/\/sjoan.is\/index.php?rest_route=\/wp\/v2\/types\/product"}],"replies":[{"embeddable":true,"href":"https:\/\/sjoan.is\/index.php?rest_route=%2Fwp%2Fv2%2Fcomments&post=1865"}],"wp:featuredmedia":[{"embeddable":true,"href":"https:\/\/sjoan.is\/index.php?rest_route=\/wp\/v2\/media\/303861"}],"wp:attachment":[{"href":"https:\/\/sjoan.is\/index.php?rest_route=%2Fwp%2Fv2%2Fmedia&parent=1865"}],"wp:term":[{"taxonomy":"product_brand","embeddable":true,"href":"https:\/\/sjoan.is\/index.php?rest_route=%2Fwp%2Fv2%2Fproduct_brand&post=1865"},{"taxonomy":"product_cat","embeddable":true,"href":"https:\/\/sjoan.is\/index.php?rest_route=%2Fwp%2Fv2%2Fproduct_cat&post=1865"},{"taxonomy":"product_tag","embeddable":true,"href":"https:\/\/sjoan.is\/index.php?rest_route=%2Fwp%2Fv2%2Fproduct_tag&post=1865"}],"curies":[{"name":"wp","href":"https:\/\/api.w.org\/{rel}","templated":true}]}}