{"id":1920,"date":"2016-03-10T11:22:14","date_gmt":"2016-03-10T11:22:14","guid":{"rendered":"http:\/\/www.sjoan.com\/?post_type=product&#038;p=1920"},"modified":"2025-03-10T23:09:00","modified_gmt":"2025-03-10T23:09:00","slug":"olnbogahlif","status":"publish","type":"product","link":"https:\/\/sjoan.is\/?product=olnbogahlif","title":{"rendered":"Olnbogahl\u00edf"},"content":{"rendered":"<p>Olnbogahl\u00edf sem hentar s\u00e9rlega vel fyrir \u00e1lag, tognanir, b\u00f3lgur og sinab\u00f3lgu.\u00a0G\u00f3\u00f0ur stu\u00f0ningur.\u00a0Hl\u00edfinni er h\u00e6gt a\u00f0 sn\u00faa vi\u00f0 sem gefur betri endingu.<\/p>\n<p>Kemur \u00ed fj\u00f3rum st\u00e6r\u00f0um.<\/p>\n","protected":false},"excerpt":{"rendered":"<p>Olnbogahl\u00edf sem hentar s\u00e9rlega vel fyrir \u00e1lag, tognanir, b\u00f3lgur og sinab\u00f3lgu.\u00a0G\u00f3\u00f0ur stu\u00f0ningur.\u00a0Hl\u00edfinni er h\u00e6gt a\u00f0 sn\u00faa vi\u00f0 sem gefur betri endingu. Kemur \u00ed fj\u00f3rum st\u00e6r\u00f0um.<\/p>\n","protected":false},"featured_media":1925,"comment_status":"closed","ping_status":"closed","template":"","meta":{"_et_pb_use_builder":"","_et_pb_old_content":"","_et_gb_content_width":""},"product_brand":[],"product_cat":[108,143,113,15],"product_tag":[],"class_list":{"0":"post-1920","1":"product","2":"type-product","3":"status-publish","4":"has-post-thumbnail","6":"product_cat-cramer","7":"product_cat-hlifar","8":"product_cat-sjukravorur","9":"product_cat-allar-vorur","11":"first","12":"instock","13":"taxable","14":"shipping-taxable","15":"purchasable","16":"product-type-variable","17":"has-default-attributes"},"aioseo_notices":[],"jetpack_sharing_enabled":true,"_links":{"self":[{"href":"https:\/\/sjoan.is\/index.php?rest_route=\/wp\/v2\/product\/1920","targetHints":{"allow":["GET"]}}],"collection":[{"href":"https:\/\/sjoan.is\/index.php?rest_route=\/wp\/v2\/product"}],"about":[{"href":"https:\/\/sjoan.is\/index.php?rest_route=\/wp\/v2\/types\/product"}],"replies":[{"embeddable":true,"href":"https:\/\/sjoan.is\/index.php?rest_route=%2Fwp%2Fv2%2Fcomments&post=1920"}],"wp:featuredmedia":[{"embeddable":true,"href":"https:\/\/sjoan.is\/index.php?rest_route=\/wp\/v2\/media\/1925"}],"wp:attachment":[{"href":"https:\/\/sjoan.is\/index.php?rest_route=%2Fwp%2Fv2%2Fmedia&parent=1920"}],"wp:term":[{"taxonomy":"product_brand","embeddable":true,"href":"https:\/\/sjoan.is\/index.php?rest_route=%2Fwp%2Fv2%2Fproduct_brand&post=1920"},{"taxonomy":"product_cat","embeddable":true,"href":"https:\/\/sjoan.is\/index.php?rest_route=%2Fwp%2Fv2%2Fproduct_cat&post=1920"},{"taxonomy":"product_tag","embeddable":true,"href":"https:\/\/sjoan.is\/index.php?rest_route=%2Fwp%2Fv2%2Fproduct_tag&post=1920"}],"curies":[{"name":"wp","href":"https:\/\/api.w.org\/{rel}","templated":true}]}}