{"id":1928,"date":"2016-03-10T14:38:21","date_gmt":"2016-03-10T14:38:21","guid":{"rendered":"http:\/\/www.sjoan.com\/?post_type=product&#038;p=1928"},"modified":"2025-03-11T17:20:17","modified_gmt":"2025-03-11T17:20:17","slug":"patellar-tendon-strap","status":"publish","type":"product","link":"https:\/\/sjoan.is\/?product=patellar-tendon-strap","title":{"rendered":"Patellar Tendon Strap"},"content":{"rendered":"<p>\u00d3lin eykur bl\u00f3\u00f0fl\u00e6\u00f0i. Ein st\u00e6r\u00f0 sem hentar flestum.<\/p>\n","protected":false},"excerpt":{"rendered":"<p>Ein st\u00e6r\u00f0.<\/p>\n","protected":false},"featured_media":1929,"comment_status":"closed","ping_status":"closed","template":"","meta":{"_et_pb_use_builder":"","_et_pb_old_content":"","_et_gb_content_width":""},"product_brand":[],"product_cat":[108,143,113,15],"product_tag":[],"class_list":{"0":"post-1928","1":"product","2":"type-product","3":"status-publish","4":"has-post-thumbnail","6":"product_cat-cramer","7":"product_cat-hlifar","8":"product_cat-sjukravorur","9":"product_cat-allar-vorur","11":"first","12":"instock","13":"taxable","14":"shipping-taxable","15":"purchasable","16":"product-type-simple"},"aioseo_notices":[],"jetpack_sharing_enabled":true,"_links":{"self":[{"href":"https:\/\/sjoan.is\/index.php?rest_route=\/wp\/v2\/product\/1928","targetHints":{"allow":["GET"]}}],"collection":[{"href":"https:\/\/sjoan.is\/index.php?rest_route=\/wp\/v2\/product"}],"about":[{"href":"https:\/\/sjoan.is\/index.php?rest_route=\/wp\/v2\/types\/product"}],"replies":[{"embeddable":true,"href":"https:\/\/sjoan.is\/index.php?rest_route=%2Fwp%2Fv2%2Fcomments&post=1928"}],"wp:featuredmedia":[{"embeddable":true,"href":"https:\/\/sjoan.is\/index.php?rest_route=\/wp\/v2\/media\/1929"}],"wp:attachment":[{"href":"https:\/\/sjoan.is\/index.php?rest_route=%2Fwp%2Fv2%2Fmedia&parent=1928"}],"wp:term":[{"taxonomy":"product_brand","embeddable":true,"href":"https:\/\/sjoan.is\/index.php?rest_route=%2Fwp%2Fv2%2Fproduct_brand&post=1928"},{"taxonomy":"product_cat","embeddable":true,"href":"https:\/\/sjoan.is\/index.php?rest_route=%2Fwp%2Fv2%2Fproduct_cat&post=1928"},{"taxonomy":"product_tag","embeddable":true,"href":"https:\/\/sjoan.is\/index.php?rest_route=%2Fwp%2Fv2%2Fproduct_tag&post=1928"}],"curies":[{"name":"wp","href":"https:\/\/api.w.org\/{rel}","templated":true}]}}