{"id":1957,"date":"2016-03-09T12:00:46","date_gmt":"2016-03-09T12:00:46","guid":{"rendered":"http:\/\/www.sjoan.com\/?post_type=product&#038;p=1957"},"modified":"2025-09-26T14:22:31","modified_gmt":"2025-09-26T14:22:31","slug":"teipskeri-shark-cutter","status":"publish","type":"product","link":"https:\/\/sjoan.is\/?product=teipskeri-shark-cutter","title":{"rendered":"Teipskeri &#8211; Shark Cutter"},"content":{"rendered":"<p>Mj\u00f6g sterkur teipskeri sem klippir teip au\u00f0veldlega \u00ed sundur. \u00deetta er teipskeri fyrir kr\u00f6fuhar\u00f0a.<\/p>\n","protected":false},"excerpt":{"rendered":"<p>Mj\u00f6g sterkur teipskeri sem klippir teip au\u00f0veldlega \u00ed sundur. \u00deetta er teipskeri fyrir kr\u00f6fuhar\u00f0a.<\/p>\n","protected":false},"featured_media":1958,"comment_status":"closed","ping_status":"closed","template":"","meta":{"_et_pb_use_builder":"","_et_pb_old_content":"","_et_gb_content_width":""},"product_brand":[],"product_cat":[108,113,15,62],"product_tag":[],"class_list":{"0":"post-1957","1":"product","2":"type-product","3":"status-publish","4":"has-post-thumbnail","6":"product_cat-cramer","7":"product_cat-sjukravorur","8":"product_cat-allar-vorur","9":"product_cat-teip","11":"first","12":"outofstock","13":"taxable","14":"shipping-taxable","15":"purchasable","16":"product-type-simple"},"aioseo_notices":[],"jetpack_sharing_enabled":true,"_links":{"self":[{"href":"https:\/\/sjoan.is\/index.php?rest_route=\/wp\/v2\/product\/1957","targetHints":{"allow":["GET"]}}],"collection":[{"href":"https:\/\/sjoan.is\/index.php?rest_route=\/wp\/v2\/product"}],"about":[{"href":"https:\/\/sjoan.is\/index.php?rest_route=\/wp\/v2\/types\/product"}],"replies":[{"embeddable":true,"href":"https:\/\/sjoan.is\/index.php?rest_route=%2Fwp%2Fv2%2Fcomments&post=1957"}],"wp:featuredmedia":[{"embeddable":true,"href":"https:\/\/sjoan.is\/index.php?rest_route=\/wp\/v2\/media\/1958"}],"wp:attachment":[{"href":"https:\/\/sjoan.is\/index.php?rest_route=%2Fwp%2Fv2%2Fmedia&parent=1957"}],"wp:term":[{"taxonomy":"product_brand","embeddable":true,"href":"https:\/\/sjoan.is\/index.php?rest_route=%2Fwp%2Fv2%2Fproduct_brand&post=1957"},{"taxonomy":"product_cat","embeddable":true,"href":"https:\/\/sjoan.is\/index.php?rest_route=%2Fwp%2Fv2%2Fproduct_cat&post=1957"},{"taxonomy":"product_tag","embeddable":true,"href":"https:\/\/sjoan.is\/index.php?rest_route=%2Fwp%2Fv2%2Fproduct_tag&post=1957"}],"curies":[{"name":"wp","href":"https:\/\/api.w.org\/{rel}","templated":true}]}}