{"id":25519,"date":"2020-03-23T00:44:56","date_gmt":"2020-03-23T00:44:56","guid":{"rendered":"https:\/\/sjoan.is\/?post_type=product&#038;p=25519"},"modified":"2023-03-07T21:20:21","modified_gmt":"2023-03-07T21:20:21","slug":"teygja-med-handfongum-2","status":"publish","type":"product","link":"https:\/\/sjoan.is\/?product=teygja-med-handfongum-2","title":{"rendered":"Teygja me\u00f0 handf\u00f6ngum"},"content":{"rendered":"<p>Fr\u00e1b\u00e6rar \u00e6fingateygjur me\u00f0 handf\u00f6ngum. Teygjan er varin me\u00f0 n\u00e6lon hulsu sem gerir \u00e6finguna enn \u00f6ruggari.<\/p>\r\n<p>Tveir styrkleikar: Mi\u00f0lungs og \u00feung.<\/p>\r\n<p>St\u00e6r\u00f0: 160 cm.<\/p>\r\n<p>V\u00f6rurnar fr\u00e1 Trendy Sport eru \u00feekktar fyrir mikil g\u00e6\u00f0i enda er Trendy Sport lei\u00f0andi \u00e1 s\u00ednu svi\u00f0i \u00ed Evr\u00f3pu.<\/p>\r\n\r\n<p>&nbsp;<\/p>\r\n","protected":false},"excerpt":{"rendered":"<p>Fr\u00e1b\u00e6rar \u00e6fingateygjur me\u00f0 handf\u00f6ngum. Teygjan er varin me\u00f0 n\u00e6lon hulsu sem gerir \u00e6finguna enn \u00f6ruggari. Tveir styrkleikar: Mi\u00f0lungs og \u00feung. St\u00e6r\u00f0: 160 cm. V\u00f6rurnar fr\u00e1 Trendy Sport eru \u00feekktar fyrir mikil g\u00e6\u00f0i enda er Trendy Sport lei\u00f0andi \u00e1 s\u00ednu svi\u00f0i \u00ed Evr\u00f3pu. &nbsp;<\/p>\n","protected":false},"featured_media":25527,"comment_status":"closed","ping_status":"closed","template":"","meta":{"_et_pb_use_builder":"","_et_pb_old_content":"","_et_gb_content_width":"1080"},"product_brand":[],"product_cat":[258,243,15],"product_tag":[],"class_list":{"0":"post-25519","1":"product","2":"type-product","3":"status-publish","4":"has-post-thumbnail","6":"product_cat-aefingar","7":"product_cat-trendy-sport","8":"product_cat-allar-vorur","10":"first","11":"outofstock","12":"taxable","13":"shipping-taxable","14":"purchasable","15":"product-type-variable","16":"has-default-attributes"},"aioseo_notices":[],"jetpack_sharing_enabled":true,"_links":{"self":[{"href":"https:\/\/sjoan.is\/index.php?rest_route=\/wp\/v2\/product\/25519","targetHints":{"allow":["GET"]}}],"collection":[{"href":"https:\/\/sjoan.is\/index.php?rest_route=\/wp\/v2\/product"}],"about":[{"href":"https:\/\/sjoan.is\/index.php?rest_route=\/wp\/v2\/types\/product"}],"replies":[{"embeddable":true,"href":"https:\/\/sjoan.is\/index.php?rest_route=%2Fwp%2Fv2%2Fcomments&post=25519"}],"wp:featuredmedia":[{"embeddable":true,"href":"https:\/\/sjoan.is\/index.php?rest_route=\/wp\/v2\/media\/25527"}],"wp:attachment":[{"href":"https:\/\/sjoan.is\/index.php?rest_route=%2Fwp%2Fv2%2Fmedia&parent=25519"}],"wp:term":[{"taxonomy":"product_brand","embeddable":true,"href":"https:\/\/sjoan.is\/index.php?rest_route=%2Fwp%2Fv2%2Fproduct_brand&post=25519"},{"taxonomy":"product_cat","embeddable":true,"href":"https:\/\/sjoan.is\/index.php?rest_route=%2Fwp%2Fv2%2Fproduct_cat&post=25519"},{"taxonomy":"product_tag","embeddable":true,"href":"https:\/\/sjoan.is\/index.php?rest_route=%2Fwp%2Fv2%2Fproduct_tag&post=25519"}],"curies":[{"name":"wp","href":"https:\/\/api.w.org\/{rel}","templated":true}]}}