{"id":25566,"date":"2020-03-28T17:41:13","date_gmt":"2020-03-28T17:41:13","guid":{"rendered":"https:\/\/sjoan.is\/?post_type=product&#038;p=25566"},"modified":"2023-03-07T21:28:59","modified_gmt":"2023-03-07T21:28:59","slug":"aefingaband","status":"publish","type":"product","link":"https:\/\/sjoan.is\/?product=aefingaband","title":{"rendered":"\u00c6fingaband"},"content":{"rendered":"<p>Fj\u00f6lnota \u00e6fingaband.<\/p>\r\n<p>H\u00e1marksstrekkur 160 cm.\u00a0<\/p>\r\n<p>Fj\u00f3rir styrkleikar: L\u00e9tt, mi\u00f0lungs, \u00feung og extra \u00feung.<\/p>\r\n<p>V\u00f6rurnar fr\u00e1 Trendy Sport eru \u00feekktar fyrir mikil g\u00e6\u00f0i enda er Trendy Sport lei\u00f0andi \u00e1 s\u00ednu svi\u00f0i \u00ed Evr\u00f3pu.<\/p>\r\n\r\n<p>&nbsp;<\/p>\r\n","protected":false},"excerpt":{"rendered":"<p>Fj\u00f6lnota \u00e6fingaband. H\u00e1marksstrekkur 160 cm.\u00a0 Fj\u00f3rir styrkleikar: L\u00e9tt, mi\u00f0lungs, \u00feung og extra \u00feung. V\u00f6rurnar fr\u00e1 Trendy Sport eru \u00feekktar fyrir mikil g\u00e6\u00f0i enda er Trendy Sport lei\u00f0andi \u00e1 s\u00ednu svi\u00f0i \u00ed Evr\u00f3pu. &nbsp;<\/p>\n","protected":false},"featured_media":25547,"comment_status":"closed","ping_status":"closed","template":"","meta":{"_et_pb_use_builder":"","_et_pb_old_content":"","_et_gb_content_width":"1080"},"product_brand":[],"product_cat":[258,243,15],"product_tag":[],"class_list":{"0":"post-25566","1":"product","2":"type-product","3":"status-publish","4":"has-post-thumbnail","6":"product_cat-aefingar","7":"product_cat-trendy-sport","8":"product_cat-allar-vorur","10":"first","11":"instock","12":"taxable","13":"shipping-taxable","14":"purchasable","15":"product-type-variable","16":"has-default-attributes"},"aioseo_notices":[],"jetpack_sharing_enabled":true,"_links":{"self":[{"href":"https:\/\/sjoan.is\/index.php?rest_route=\/wp\/v2\/product\/25566","targetHints":{"allow":["GET"]}}],"collection":[{"href":"https:\/\/sjoan.is\/index.php?rest_route=\/wp\/v2\/product"}],"about":[{"href":"https:\/\/sjoan.is\/index.php?rest_route=\/wp\/v2\/types\/product"}],"replies":[{"embeddable":true,"href":"https:\/\/sjoan.is\/index.php?rest_route=%2Fwp%2Fv2%2Fcomments&post=25566"}],"wp:featuredmedia":[{"embeddable":true,"href":"https:\/\/sjoan.is\/index.php?rest_route=\/wp\/v2\/media\/25547"}],"wp:attachment":[{"href":"https:\/\/sjoan.is\/index.php?rest_route=%2Fwp%2Fv2%2Fmedia&parent=25566"}],"wp:term":[{"taxonomy":"product_brand","embeddable":true,"href":"https:\/\/sjoan.is\/index.php?rest_route=%2Fwp%2Fv2%2Fproduct_brand&post=25566"},{"taxonomy":"product_cat","embeddable":true,"href":"https:\/\/sjoan.is\/index.php?rest_route=%2Fwp%2Fv2%2Fproduct_cat&post=25566"},{"taxonomy":"product_tag","embeddable":true,"href":"https:\/\/sjoan.is\/index.php?rest_route=%2Fwp%2Fv2%2Fproduct_tag&post=25566"}],"curies":[{"name":"wp","href":"https:\/\/api.w.org\/{rel}","templated":true}]}}