{"id":25605,"date":"2020-03-30T09:42:04","date_gmt":"2020-03-30T09:42:04","guid":{"rendered":"https:\/\/sjoan.is\/?post_type=product&#038;p=25605"},"modified":"2025-07-20T13:13:38","modified_gmt":"2025-07-20T13:13:38","slug":"aefingateygja-25-m-2","status":"publish","type":"product","link":"https:\/\/sjoan.is\/?product=aefingateygja-25-m-2","title":{"rendered":"\u00c6fingateygja 25 m."},"content":{"rendered":"<p>Fj\u00f6lnota \u00e6fingateygja. 25 metrar. H\u00e6gt a\u00f0 nota hvar sem er.\u00a0Au\u00f0velt a\u00f0 klippa ni\u00f0ur.\u00a0<\/p>\r\n<p>St\u00e6r\u00f0: 25 metrar x 15 cm.\u00a0<\/p>\r\n<p>Fj\u00f3rir styrkleikar: L\u00e9tt (gul), mi\u00f0lungs (gr\u00e6n), \u00feung (rau\u00f0) og extra \u00feung (bl\u00e1).<\/p>\r\n<p>V\u00f6rurnar fr\u00e1 Trendy Sport eru \u00feekktar fyrir mikil g\u00e6\u00f0i enda er Trendy Sport lei\u00f0andi \u00e1 s\u00ednu svi\u00f0i \u00ed Evr\u00f3pu.<\/p>\r\n\r\n<p>&nbsp;<\/p>\r\n","protected":false},"excerpt":{"rendered":"<p>25 metrar.<\/p>\n","protected":false},"featured_media":25616,"comment_status":"closed","ping_status":"closed","template":"","meta":{"_et_pb_use_builder":"","_et_pb_old_content":"","_et_gb_content_width":"1080"},"product_brand":[],"product_cat":[258,243,15],"product_tag":[],"class_list":{"0":"post-25605","1":"product","2":"type-product","3":"status-publish","4":"has-post-thumbnail","6":"product_cat-aefingar","7":"product_cat-trendy-sport","8":"product_cat-allar-vorur","10":"first","11":"instock","12":"taxable","13":"shipping-taxable","14":"purchasable","15":"product-type-variable","16":"has-default-attributes"},"aioseo_notices":[],"jetpack_sharing_enabled":true,"_links":{"self":[{"href":"https:\/\/sjoan.is\/index.php?rest_route=\/wp\/v2\/product\/25605","targetHints":{"allow":["GET"]}}],"collection":[{"href":"https:\/\/sjoan.is\/index.php?rest_route=\/wp\/v2\/product"}],"about":[{"href":"https:\/\/sjoan.is\/index.php?rest_route=\/wp\/v2\/types\/product"}],"replies":[{"embeddable":true,"href":"https:\/\/sjoan.is\/index.php?rest_route=%2Fwp%2Fv2%2Fcomments&post=25605"}],"wp:featuredmedia":[{"embeddable":true,"href":"https:\/\/sjoan.is\/index.php?rest_route=\/wp\/v2\/media\/25616"}],"wp:attachment":[{"href":"https:\/\/sjoan.is\/index.php?rest_route=%2Fwp%2Fv2%2Fmedia&parent=25605"}],"wp:term":[{"taxonomy":"product_brand","embeddable":true,"href":"https:\/\/sjoan.is\/index.php?rest_route=%2Fwp%2Fv2%2Fproduct_brand&post=25605"},{"taxonomy":"product_cat","embeddable":true,"href":"https:\/\/sjoan.is\/index.php?rest_route=%2Fwp%2Fv2%2Fproduct_cat&post=25605"},{"taxonomy":"product_tag","embeddable":true,"href":"https:\/\/sjoan.is\/index.php?rest_route=%2Fwp%2Fv2%2Fproduct_tag&post=25605"}],"curies":[{"name":"wp","href":"https:\/\/api.w.org\/{rel}","templated":true}]}}