{"id":25624,"date":"2020-03-30T13:48:31","date_gmt":"2020-03-30T13:48:31","guid":{"rendered":"https:\/\/sjoan.is\/?post_type=product&#038;p=25624"},"modified":"2023-03-07T22:44:52","modified_gmt":"2023-03-07T22:44:52","slug":"spiky-nuddbolti","status":"publish","type":"product","link":"https:\/\/sjoan.is\/?product=spiky-nuddbolti","title":{"rendered":"Trendy Nuddbolti &#8211; Spiky"},"content":{"rendered":"<p>Spiky nuddboltinn er st\u00edfur og nota\u00f0ur af sj\u00fakra\u00fej\u00e1lfurum og nuddurum sem og einstaklingum. Boltinn eykur bl\u00f3\u00f0fl\u00e6\u00f0i, minnkar verki og n\u00e6r vel til dj\u00fapv\u00f6\u00f0va. H\u00e6gt er a\u00f0 nudda t.d. hendur, h\u00e1ls, bak, f\u00e6tur og iljar.<\/p>\r\n<p>Tv\u00e6r st\u00e6r\u00f0ir: 8 cm og 10 cm.\u00a0<\/p>\r\n<p>V\u00f6rurnar fr\u00e1 Trendy Sport eru \u00feekktar fyrir mikil g\u00e6\u00f0i enda er Trendy Sport lei\u00f0andi \u00e1 s\u00ednu svi\u00f0i \u00ed Evr\u00f3pu.\u00a0<\/p>\r\n\r\n<p>&nbsp;<\/p>\r\n","protected":false},"excerpt":{"rendered":"<p>Spiky nuddboltinn er st\u00edfur og nota\u00f0ur af sj\u00fakra\u00fej\u00e1lfurum og nuddurum sem og einstaklingum. Boltinn eykur bl\u00f3\u00f0fl\u00e6\u00f0i, minnkar verki og n\u00e6r vel til dj\u00fapv\u00f6\u00f0va. H\u00e6gt er a\u00f0 nudda t.d. hendur, h\u00e1ls, bak, f\u00e6tur og iljar. Tv\u00e6r st\u00e6r\u00f0ir: 8 cm og 10 cm.\u00a0 V\u00f6rurnar fr\u00e1 Trendy Sport eru \u00feekktar fyrir mikil g\u00e6\u00f0i enda er Trendy Sport lei\u00f0andi [&hellip;]<\/p>\n","protected":false},"featured_media":25628,"comment_status":"closed","ping_status":"closed","template":"","meta":{"_et_pb_use_builder":"","_et_pb_old_content":"","_et_gb_content_width":""},"product_brand":[],"product_cat":[258,243,15],"product_tag":[],"class_list":{"0":"post-25624","1":"product","2":"type-product","3":"status-publish","4":"has-post-thumbnail","6":"product_cat-aefingar","7":"product_cat-trendy-sport","8":"product_cat-allar-vorur","10":"first","11":"outofstock","12":"taxable","13":"shipping-taxable","14":"purchasable","15":"product-type-variable","16":"has-default-attributes"},"aioseo_notices":[],"jetpack_sharing_enabled":true,"_links":{"self":[{"href":"https:\/\/sjoan.is\/index.php?rest_route=\/wp\/v2\/product\/25624","targetHints":{"allow":["GET"]}}],"collection":[{"href":"https:\/\/sjoan.is\/index.php?rest_route=\/wp\/v2\/product"}],"about":[{"href":"https:\/\/sjoan.is\/index.php?rest_route=\/wp\/v2\/types\/product"}],"replies":[{"embeddable":true,"href":"https:\/\/sjoan.is\/index.php?rest_route=%2Fwp%2Fv2%2Fcomments&post=25624"}],"wp:featuredmedia":[{"embeddable":true,"href":"https:\/\/sjoan.is\/index.php?rest_route=\/wp\/v2\/media\/25628"}],"wp:attachment":[{"href":"https:\/\/sjoan.is\/index.php?rest_route=%2Fwp%2Fv2%2Fmedia&parent=25624"}],"wp:term":[{"taxonomy":"product_brand","embeddable":true,"href":"https:\/\/sjoan.is\/index.php?rest_route=%2Fwp%2Fv2%2Fproduct_brand&post=25624"},{"taxonomy":"product_cat","embeddable":true,"href":"https:\/\/sjoan.is\/index.php?rest_route=%2Fwp%2Fv2%2Fproduct_cat&post=25624"},{"taxonomy":"product_tag","embeddable":true,"href":"https:\/\/sjoan.is\/index.php?rest_route=%2Fwp%2Fv2%2Fproduct_tag&post=25624"}],"curies":[{"name":"wp","href":"https:\/\/api.w.org\/{rel}","templated":true}]}}