{"id":26211,"date":"2022-08-01T18:38:36","date_gmt":"2022-08-01T18:38:36","guid":{"rendered":"https:\/\/sjoan.is\/?post_type=product&#038;p=26211"},"modified":"2025-04-28T12:09:40","modified_gmt":"2025-04-28T12:09:40","slug":"songbird-balance-massage-wax","status":"publish","type":"product","link":"https:\/\/sjoan.is\/?product=songbird-balance-massage-wax","title":{"rendered":"Songbird &#8211; Balance massage Wax"},"content":{"rendered":"<p>Balance massage wax er hef\u00f0bundi\u00f0 nuddvax. Ein af vins\u00e6lustu v\u00f6runum fr\u00e1 Songbird. Balance nuddvaxi\u00f0 er ekki eins st\u00edft og Sport massage Wax \u00feeas gefur ekki eins miki\u00f0 grip og hentar \u00fev\u00ed frekar \u00ed hef\u00f0bundi\u00f0 nudd.<\/p>\n<p>Inniheldur bl\u00f6ndu af ilmkjarnaol\u00edum.<\/p>\n<p>Kemur \u00ed 2 st\u00e6r\u00f0um: 100g og 550g.<\/p>\n<p>Ofn\u00e6misvaldur: Inniheldur m\u00f6ndluol\u00edu.<\/p>\n","protected":false},"excerpt":{"rendered":"<p>Balance massage wax er hef\u00f0bundi\u00f0 nuddvax. Ein af vins\u00e6lustu v\u00f6runum fr\u00e1 Songbird. Balance nuddvaxi\u00f0 er ekki eins st\u00edft og Sport massage Wax \u00feeas gefur ekki eins miki\u00f0 grip og hentar \u00fev\u00ed frekar \u00ed hef\u00f0bundi\u00f0 nudd. Inniheldur bl\u00f6ndu af ilmkjarnaol\u00edum. Kemur \u00ed 2 st\u00e6r\u00f0um: 100g og 550g. Ofn\u00e6misvaldur: Inniheldur m\u00f6ndluol\u00edu.<\/p>\n","protected":false},"featured_media":26203,"comment_status":"closed","ping_status":"closed","template":"","meta":{"_et_pb_use_builder":"","_et_pb_old_content":"","_et_gb_content_width":""},"product_brand":[],"product_cat":[132,15,14],"product_tag":[],"class_list":{"0":"post-26211","1":"product","2":"type-product","3":"status-publish","4":"has-post-thumbnail","6":"product_cat-nuddvorur","7":"product_cat-allar-vorur","8":"product_cat-songbird","10":"first","11":"instock","12":"taxable","13":"shipping-taxable","14":"purchasable","15":"product-type-variable","16":"has-default-attributes"},"aioseo_notices":[],"jetpack_sharing_enabled":true,"_links":{"self":[{"href":"https:\/\/sjoan.is\/index.php?rest_route=\/wp\/v2\/product\/26211","targetHints":{"allow":["GET"]}}],"collection":[{"href":"https:\/\/sjoan.is\/index.php?rest_route=\/wp\/v2\/product"}],"about":[{"href":"https:\/\/sjoan.is\/index.php?rest_route=\/wp\/v2\/types\/product"}],"replies":[{"embeddable":true,"href":"https:\/\/sjoan.is\/index.php?rest_route=%2Fwp%2Fv2%2Fcomments&post=26211"}],"wp:featuredmedia":[{"embeddable":true,"href":"https:\/\/sjoan.is\/index.php?rest_route=\/wp\/v2\/media\/26203"}],"wp:attachment":[{"href":"https:\/\/sjoan.is\/index.php?rest_route=%2Fwp%2Fv2%2Fmedia&parent=26211"}],"wp:term":[{"taxonomy":"product_brand","embeddable":true,"href":"https:\/\/sjoan.is\/index.php?rest_route=%2Fwp%2Fv2%2Fproduct_brand&post=26211"},{"taxonomy":"product_cat","embeddable":true,"href":"https:\/\/sjoan.is\/index.php?rest_route=%2Fwp%2Fv2%2Fproduct_cat&post=26211"},{"taxonomy":"product_tag","embeddable":true,"href":"https:\/\/sjoan.is\/index.php?rest_route=%2Fwp%2Fv2%2Fproduct_tag&post=26211"}],"curies":[{"name":"wp","href":"https:\/\/api.w.org\/{rel}","templated":true}]}}