{"id":26492,"date":"2023-03-16T21:26:09","date_gmt":"2023-03-16T21:26:09","guid":{"rendered":"https:\/\/sjoan.is\/?post_type=product&#038;p=26492"},"modified":"2023-03-16T21:34:51","modified_gmt":"2023-03-16T21:34:51","slug":"sotthreinsadur-pudi","status":"publish","type":"product","link":"https:\/\/sjoan.is\/?product=sotthreinsadur-pudi","title":{"rendered":"S\u00e1rap\u00fa\u00f0i S\u00f3tthreinsa\u00f0ur"},"content":{"rendered":"<p>S\u00f3tthreinsa\u00f0ur p\u00fa\u00f0i. Tilvali\u00f0 a\u00f0 hafa \u00ed sj\u00fakrat\u00f6skunni.<\/p>\n<p>St\u00e6r\u00f0 5x5cm.<\/p>\n<p>25 stk \u00ed kassa<\/p>\n","protected":false},"excerpt":{"rendered":"<p>25 stk.<\/p>\n","protected":false},"featured_media":26494,"comment_status":"closed","ping_status":"closed","template":"","meta":{"_et_pb_use_builder":"","_et_pb_old_content":"","_et_gb_content_width":""},"product_brand":[],"product_cat":[113,15],"product_tag":[],"class_list":{"0":"post-26492","1":"product","2":"type-product","3":"status-publish","4":"has-post-thumbnail","6":"product_cat-sjukravorur","7":"product_cat-allar-vorur","9":"first","10":"instock","11":"taxable","12":"shipping-taxable","13":"purchasable","14":"product-type-variable","15":"has-default-attributes"},"aioseo_notices":[],"jetpack_sharing_enabled":true,"_links":{"self":[{"href":"https:\/\/sjoan.is\/index.php?rest_route=\/wp\/v2\/product\/26492","targetHints":{"allow":["GET"]}}],"collection":[{"href":"https:\/\/sjoan.is\/index.php?rest_route=\/wp\/v2\/product"}],"about":[{"href":"https:\/\/sjoan.is\/index.php?rest_route=\/wp\/v2\/types\/product"}],"replies":[{"embeddable":true,"href":"https:\/\/sjoan.is\/index.php?rest_route=%2Fwp%2Fv2%2Fcomments&post=26492"}],"wp:featuredmedia":[{"embeddable":true,"href":"https:\/\/sjoan.is\/index.php?rest_route=\/wp\/v2\/media\/26494"}],"wp:attachment":[{"href":"https:\/\/sjoan.is\/index.php?rest_route=%2Fwp%2Fv2%2Fmedia&parent=26492"}],"wp:term":[{"taxonomy":"product_brand","embeddable":true,"href":"https:\/\/sjoan.is\/index.php?rest_route=%2Fwp%2Fv2%2Fproduct_brand&post=26492"},{"taxonomy":"product_cat","embeddable":true,"href":"https:\/\/sjoan.is\/index.php?rest_route=%2Fwp%2Fv2%2Fproduct_cat&post=26492"},{"taxonomy":"product_tag","embeddable":true,"href":"https:\/\/sjoan.is\/index.php?rest_route=%2Fwp%2Fv2%2Fproduct_tag&post=26492"}],"curies":[{"name":"wp","href":"https:\/\/api.w.org\/{rel}","templated":true}]}}