{"id":303805,"date":"2025-03-11T16:10:03","date_gmt":"2025-03-11T16:10:03","guid":{"rendered":"https:\/\/sjoan.is\/?post_type=product&#038;p=303805"},"modified":"2025-03-11T16:12:04","modified_gmt":"2025-03-11T16:12:04","slug":"nanoflex-hnestudningur","status":"publish","type":"product","link":"https:\/\/sjoan.is\/?product=nanoflex-hnestudningur","title":{"rendered":"Nanoflex Hn\u00e9stu\u00f0ningur"},"content":{"rendered":"<p>G\u00f3\u00f0ur stu\u00f0ningur.<\/p>\n<p>Kemur \u00ed fj\u00f3rum st\u00e6r\u00f0um.<\/p>\n","protected":false},"excerpt":{"rendered":"<p>G\u00f3\u00f0ur stu\u00f0ningur. Kemur \u00ed fj\u00f3rum st\u00e6r\u00f0um.<\/p>\n","protected":false},"featured_media":303810,"comment_status":"closed","ping_status":"closed","template":"","meta":{"_et_pb_use_builder":"","_et_pb_old_content":"","_et_gb_content_width":""},"product_brand":[],"product_cat":[108,143,113,15],"product_tag":[],"class_list":{"0":"post-303805","1":"product","2":"type-product","3":"status-publish","4":"has-post-thumbnail","6":"product_cat-cramer","7":"product_cat-hlifar","8":"product_cat-sjukravorur","9":"product_cat-allar-vorur","11":"first","12":"instock","13":"taxable","14":"shipping-taxable","15":"purchasable","16":"product-type-variable"},"aioseo_notices":[],"jetpack_sharing_enabled":true,"_links":{"self":[{"href":"https:\/\/sjoan.is\/index.php?rest_route=\/wp\/v2\/product\/303805","targetHints":{"allow":["GET"]}}],"collection":[{"href":"https:\/\/sjoan.is\/index.php?rest_route=\/wp\/v2\/product"}],"about":[{"href":"https:\/\/sjoan.is\/index.php?rest_route=\/wp\/v2\/types\/product"}],"replies":[{"embeddable":true,"href":"https:\/\/sjoan.is\/index.php?rest_route=%2Fwp%2Fv2%2Fcomments&post=303805"}],"wp:featuredmedia":[{"embeddable":true,"href":"https:\/\/sjoan.is\/index.php?rest_route=\/wp\/v2\/media\/303810"}],"wp:attachment":[{"href":"https:\/\/sjoan.is\/index.php?rest_route=%2Fwp%2Fv2%2Fmedia&parent=303805"}],"wp:term":[{"taxonomy":"product_brand","embeddable":true,"href":"https:\/\/sjoan.is\/index.php?rest_route=%2Fwp%2Fv2%2Fproduct_brand&post=303805"},{"taxonomy":"product_cat","embeddable":true,"href":"https:\/\/sjoan.is\/index.php?rest_route=%2Fwp%2Fv2%2Fproduct_cat&post=303805"},{"taxonomy":"product_tag","embeddable":true,"href":"https:\/\/sjoan.is\/index.php?rest_route=%2Fwp%2Fv2%2Fproduct_tag&post=303805"}],"curies":[{"name":"wp","href":"https:\/\/api.w.org\/{rel}","templated":true}]}}