{"id":303868,"date":"2025-03-15T13:19:48","date_gmt":"2025-03-15T13:19:48","guid":{"rendered":"https:\/\/sjoan.is\/?post_type=product&#038;p=303868"},"modified":"2026-02-02T14:23:07","modified_gmt":"2026-02-02T14:23:07","slug":"nuddkrem-hitandi","status":"publish","type":"product","link":"https:\/\/sjoan.is\/?product=nuddkrem-hitandi","title":{"rendered":"Nuddkrem Hitandi"},"content":{"rendered":"<p>&#8211; Hitandi og slakandi.<br \/>\n&#8211; Miki\u00f0 grip \u00ed litlum sk\u00f6mmtum til me\u00f0fer\u00f0ar \u00e1 sta\u00f0bundnum sv\u00e6\u00f0um<\/p>\n<p>500 ml.<\/p>\n","protected":false},"excerpt":{"rendered":"<p>500 ml.<\/p>\n","protected":false},"featured_media":303869,"comment_status":"closed","ping_status":"closed","template":"","meta":{"_et_pb_use_builder":"","_et_pb_old_content":"","_et_gb_content_width":""},"product_brand":[],"product_cat":[132,127,15],"product_tag":[],"class_list":{"0":"post-303868","1":"product","2":"type-product","3":"status-publish","4":"has-post-thumbnail","6":"product_cat-nuddvorur","7":"product_cat-rowo","8":"product_cat-allar-vorur","10":"first","11":"instock","12":"taxable","13":"shipping-taxable","14":"purchasable","15":"product-type-simple"},"aioseo_notices":[],"jetpack_sharing_enabled":true,"_links":{"self":[{"href":"https:\/\/sjoan.is\/index.php?rest_route=\/wp\/v2\/product\/303868","targetHints":{"allow":["GET"]}}],"collection":[{"href":"https:\/\/sjoan.is\/index.php?rest_route=\/wp\/v2\/product"}],"about":[{"href":"https:\/\/sjoan.is\/index.php?rest_route=\/wp\/v2\/types\/product"}],"replies":[{"embeddable":true,"href":"https:\/\/sjoan.is\/index.php?rest_route=%2Fwp%2Fv2%2Fcomments&post=303868"}],"wp:featuredmedia":[{"embeddable":true,"href":"https:\/\/sjoan.is\/index.php?rest_route=\/wp\/v2\/media\/303869"}],"wp:attachment":[{"href":"https:\/\/sjoan.is\/index.php?rest_route=%2Fwp%2Fv2%2Fmedia&parent=303868"}],"wp:term":[{"taxonomy":"product_brand","embeddable":true,"href":"https:\/\/sjoan.is\/index.php?rest_route=%2Fwp%2Fv2%2Fproduct_brand&post=303868"},{"taxonomy":"product_cat","embeddable":true,"href":"https:\/\/sjoan.is\/index.php?rest_route=%2Fwp%2Fv2%2Fproduct_cat&post=303868"},{"taxonomy":"product_tag","embeddable":true,"href":"https:\/\/sjoan.is\/index.php?rest_route=%2Fwp%2Fv2%2Fproduct_tag&post=303868"}],"curies":[{"name":"wp","href":"https:\/\/api.w.org\/{rel}","templated":true}]}}